{"id":6,"date":"2021-08-23T17:37:04","date_gmt":"2021-08-23T20:37:04","guid":{"rendered":"https:\/\/asbrav.org.br\/_bkp_2023\/?page_id=6"},"modified":"2022-01-14T16:35:47","modified_gmt":"2022-01-14T19:35:47","slug":"home","status":"publish","type":"page","link":"https:\/\/asbrav.org.br\/_bkp_2023\/","title":{"rendered":"HOME"},"content":{"rendered":"<p><div class=\"fusion-fullwidth fullwidth-box fusion-builder-row-1 nonhundred-percent-fullwidth non-hundred-percent-height-scrolling\"  style='background-color: rgba(255,255,255,0);background-position: center center;background-repeat: no-repeat;padding-top:0px;padding-right:0px;padding-bottom:0px;padding-left:0px;'><div class=\"fusion-builder-row fusion-row \"><div  class=\"fusion-layout-column fusion_builder_column fusion_builder_column_1_1 fusion-builder-column-0 fusion-one-full fusion-column-first fusion-column-last 1_1\"  style='margin-top:0px;margin-bottom:20px;'><div class=\"fusion-column-wrapper\" style=\"padding: 0px 0px 0px 0px;background-position:left top;background-repeat:no-repeat;-webkit-background-size:cover;-moz-background-size:cover;-o-background-size:cover;background-size:cover;\"   data-bg-url=\"\"><div class=\"fusion-text\"><h5 style=\"text-align: center;\">SIGA NOSSAS REDES SOCIAIS<\/h5>\n<\/div><div class=\"aligncenter\"><div class=\"fusion-social-links\"><div class=\"fusion-social-networks\"><div class=\"fusion-social-networks-wrapper\"><a class=\"fusion-social-network-icon fusion-tooltip fusion-facebook fusion-icon-facebook\" style=\"color:#273b7d;\" aria-label=\"fusion-facebook\" target=\"_blank\" rel=\"noopener noreferrer\" href=\"https:\/\/www.facebook.com\/ASBRAV\/\" data-placement=\"top\" data-title=\"Facebook\" data-toggle=\"tooltip\" title=\"Facebook\"><\/a><a class=\"fusion-social-network-icon fusion-tooltip fusion-instagram fusion-icon-instagram\" style=\"color:#273b7d;\" aria-label=\"fusion-instagram\" target=\"_blank\" rel=\"noopener noreferrer\" href=\"https:\/\/www.instagram.com\/asbrav_oficial\/\" data-placement=\"top\" data-title=\"Instagram\" data-toggle=\"tooltip\" title=\"Instagram\"><\/a><a class=\"fusion-social-network-icon fusion-tooltip fusion-linkedin fusion-icon-linkedin\" style=\"color:#273b7d;\" aria-label=\"fusion-linkedin\" target=\"_blank\" rel=\"noopener noreferrer\" href=\"https:\/\/www.linkedin.com\/start\/join?trk=login_reg_redirect&amp;session_redirect=https%3A%2F%2Fwww.linkedin.com%2Fprofile%2Fedit%3Ftrk%3Dspm_pic%26goback%3D%252Enmp_*1_*1_*1_*1_*1_*1%26locale%3Den_US\" data-placement=\"top\" data-title=\"LinkedIn\" data-toggle=\"tooltip\" title=\"LinkedIn\"><\/a><\/div><\/div><\/div><\/div><div class=\"fusion-sep-clear\"><\/div><div class=\"fusion-separator fusion-full-width-sep sep-none\" style=\"margin-left: auto;margin-right: auto;margin-top:;margin-bottom:40PX;\"><\/div><div class=\"fusion-clearfix\"><\/div><\/div><\/div><\/div><\/div><style type=\"text\/css\">.fusion-fullwidth.fusion-builder-row-1 a:not(.fusion-button):not(.fusion-builder-module-control):not(.fusion-social-network-icon):not(.fb-icon-element):not(.fusion-countdown-link):not(.fusion-rollover-link):not(.fusion-rollover-gallery):not(.fusion-button-bar):not(.add_to_cart_button):not(.show_details_button):not(.product_type_external):not(.fusion-quick-view):not(.fusion-rollover-title-link):not(.fusion-breadcrumb-link) , .fusion-fullwidth.fusion-builder-row-1 a:not(.fusion-button):not(.fusion-builder-module-control):not(.fusion-social-network-icon):not(.fb-icon-element):not(.fusion-countdown-link):not(.fusion-rollover-link):not(.fusion-rollover-gallery):not(.fusion-button-bar):not(.add_to_cart_button):not(.show_details_button):not(.product_type_external):not(.fusion-quick-view):not(.fusion-rollover-title-link):not(.fusion-breadcrumb-link):before, .fusion-fullwidth.fusion-builder-row-1 a:not(.fusion-button):not(.fusion-builder-module-control):not(.fusion-social-network-icon):not(.fb-icon-element):not(.fusion-countdown-link):not(.fusion-rollover-link):not(.fusion-rollover-gallery):not(.fusion-button-bar):not(.add_to_cart_button):not(.show_details_button):not(.product_type_external):not(.fusion-quick-view):not(.fusion-rollover-title-link):not(.fusion-breadcrumb-link):after {color: #c20e1a;}.fusion-fullwidth.fusion-builder-row-1 a:not(.fusion-button):not(.fusion-builder-module-control):not(.fusion-social-network-icon):not(.fb-icon-element):not(.fusion-countdown-link):not(.fusion-rollover-link):not(.fusion-rollover-gallery):not(.fusion-button-bar):not(.add_to_cart_button):not(.show_details_button):not(.product_type_external):not(.fusion-quick-view):not(.fusion-rollover-title-link):not(.fusion-breadcrumb-link):hover, .fusion-fullwidth.fusion-builder-row-1 a:not(.fusion-button):not(.fusion-builder-module-control):not(.fusion-social-network-icon):not(.fb-icon-element):not(.fusion-countdown-link):not(.fusion-rollover-link):not(.fusion-rollover-gallery):not(.fusion-button-bar):not(.add_to_cart_button):not(.show_details_button):not(.product_type_external):not(.fusion-quick-view):not(.fusion-rollover-title-link):not(.fusion-breadcrumb-link):hover:before, .fusion-fullwidth.fusion-builder-row-1 a:not(.fusion-button):not(.fusion-builder-module-control):not(.fusion-social-network-icon):not(.fb-icon-element):not(.fusion-countdown-link):not(.fusion-rollover-link):not(.fusion-rollover-gallery):not(.fusion-button-bar):not(.add_to_cart_button):not(.show_details_button):not(.product_type_external):not(.fusion-quick-view):not(.fusion-rollover-title-link):not(.fusion-breadcrumb-link):hover:after {color: #c20e1a;}.fusion-fullwidth.fusion-builder-row-1 .pagination a.inactive:hover, .fusion-fullwidth.fusion-builder-row-1 .fusion-filters .fusion-filter.fusion-active a {border-color: #c20e1a;}.fusion-fullwidth.fusion-builder-row-1 .pagination .current {border-color: #c20e1a; background-color: #c20e1a;}.fusion-fullwidth.fusion-builder-row-1 .fusion-filters .fusion-filter.fusion-active a, .fusion-fullwidth.fusion-builder-row-1 .fusion-date-and-formats .fusion-format-box, .fusion-fullwidth.fusion-builder-row-1 .fusion-popover, .fusion-fullwidth.fusion-builder-row-1 .tooltip-shortcode {color: #c20e1a;}#main .fusion-fullwidth.fusion-builder-row-1 .post .blog-shortcode-post-title a:hover {color: #c20e1a;}<\/style><div class=\"fusion-fullwidth fullwidth-box fusion-builder-row-2 nonhundred-percent-fullwidth non-hundred-percent-height-scrolling\"  style='background-color: rgba(255,255,255,0);background-position: center center;background-repeat: no-repeat;padding-top:0px;padding-right:0px;padding-bottom:0px;padding-left:0px;'><div class=\"fusion-builder-row fusion-row \"><div  data-animationType=slideInLeft data-animationDuration=0.7 data-animationOffset=100% class=\"fusion-layout-column fusion_builder_column fusion_builder_column_3_4 fusion-builder-column-1 fusion-three-fourth fusion-column-first fusion-animated 3_4\"  style='margin-top:0px;margin-bottom:20px;width:75%;width:calc(75% - ( ( 4% ) * 0.75 ) );margin-right: 4%;'><div class=\"fusion-column-wrapper\" style=\"padding: 0px 0px 0px 0px;background-position:left top;background-repeat:no-repeat;-webkit-background-size:cover;-moz-background-size:cover;-o-background-size:cover;background-size:cover;\"   data-bg-url=\"\"><div class=\"fusion-text\"><p><img loading=\"lazy\" decoding=\"async\" class=\"alignnone size-full wp-image-633\" src=\"https:\/\/asbrav.org.br\/wp-content\/uploads\/2022\/01\/image.png\" alt=\"\" width=\"850\" height=\"368\" srcset=\"https:\/\/asbrav.org.br\/_bkp_2023\/wp-content\/uploads\/2022\/01\/image-200x87.png 200w, https:\/\/asbrav.org.br\/_bkp_2023\/wp-content\/uploads\/2022\/01\/image-300x130.png 300w, https:\/\/asbrav.org.br\/_bkp_2023\/wp-content\/uploads\/2022\/01\/image-400x173.png 400w, https:\/\/asbrav.org.br\/_bkp_2023\/wp-content\/uploads\/2022\/01\/image-600x260.png 600w, https:\/\/asbrav.org.br\/_bkp_2023\/wp-content\/uploads\/2022\/01\/image-768x332.png 768w, https:\/\/asbrav.org.br\/_bkp_2023\/wp-content\/uploads\/2022\/01\/image-800x346.png 800w, https:\/\/asbrav.org.br\/_bkp_2023\/wp-content\/uploads\/2022\/01\/image.png 850w\" sizes=\"auto, (max-width: 850px) 100vw, 850px\" \/><\/p>\n<\/div><div class=\"fusion-clearfix\"><\/div><\/div><\/div><div  class=\"fusion-layout-column fusion_builder_column fusion_builder_column_1_4 fusion-builder-column-2 fusion-one-fourth fusion-column-last 1_4\"  style='margin-top:0px;margin-bottom:20px;width:25%;width:calc(25% - ( ( 4% ) * 0.25 ) );'><div class=\"fusion-column-wrapper\" style=\"padding: 0px 0px 0px 0px;background-position:left top;background-repeat:no-repeat;-webkit-background-size:cover;-moz-background-size:cover;-o-background-size:cover;background-size:cover;\"   data-bg-url=\"\"><div class=\"fusion-sep-clear\"><\/div><div class=\"fusion-separator fusion-full-width-sep sep-none\" style=\"margin-left: auto;margin-right: auto;margin-top:160px;\"><\/div><div class=\"fusion-button-wrapper fusion-align-block\"><style type=\"text\/css\">.fusion-button.button-1 {border-radius:4px;}<\/style><a class=\"fusion-button button-flat button-xlarge button-default button-1 fusion-button-default-span fusion-button-default-type fusion-animated\" data-animationType=\"slideInLeft\" data-animationDuration=\"0.4\" data-animationOffset=\"100%\" target=\"_self\" title=\"ASSOCIE-SE\" href=\"https:\/\/asbrav.org.br\/associe-se\/\"><i class=\"fa-id-card fas button-icon-left\"><\/i><span class=\"fusion-button-text\">ASSOCIE-SE<\/span><\/a><\/div><div class=\"fusion-sep-clear\"><\/div><div class=\"fusion-separator fusion-full-width-sep sep-none\" style=\"margin-left: auto;margin-right: auto;margin-top:200px;\"><\/div><div class=\"fusion-clearfix\"><\/div><\/div><\/div><\/div><\/div><style type=\"text\/css\">.fusion-fullwidth.fusion-builder-row-2 a:not(.fusion-button):not(.fusion-builder-module-control):not(.fusion-social-network-icon):not(.fb-icon-element):not(.fusion-countdown-link):not(.fusion-rollover-link):not(.fusion-rollover-gallery):not(.fusion-button-bar):not(.add_to_cart_button):not(.show_details_button):not(.product_type_external):not(.fusion-quick-view):not(.fusion-rollover-title-link):not(.fusion-breadcrumb-link) , .fusion-fullwidth.fusion-builder-row-2 a:not(.fusion-button):not(.fusion-builder-module-control):not(.fusion-social-network-icon):not(.fb-icon-element):not(.fusion-countdown-link):not(.fusion-rollover-link):not(.fusion-rollover-gallery):not(.fusion-button-bar):not(.add_to_cart_button):not(.show_details_button):not(.product_type_external):not(.fusion-quick-view):not(.fusion-rollover-title-link):not(.fusion-breadcrumb-link):before, .fusion-fullwidth.fusion-builder-row-2 a:not(.fusion-button):not(.fusion-builder-module-control):not(.fusion-social-network-icon):not(.fb-icon-element):not(.fusion-countdown-link):not(.fusion-rollover-link):not(.fusion-rollover-gallery):not(.fusion-button-bar):not(.add_to_cart_button):not(.show_details_button):not(.product_type_external):not(.fusion-quick-view):not(.fusion-rollover-title-link):not(.fusion-breadcrumb-link):after {color: #c20e1a;}.fusion-fullwidth.fusion-builder-row-2 a:not(.fusion-button):not(.fusion-builder-module-control):not(.fusion-social-network-icon):not(.fb-icon-element):not(.fusion-countdown-link):not(.fusion-rollover-link):not(.fusion-rollover-gallery):not(.fusion-button-bar):not(.add_to_cart_button):not(.show_details_button):not(.product_type_external):not(.fusion-quick-view):not(.fusion-rollover-title-link):not(.fusion-breadcrumb-link):hover, .fusion-fullwidth.fusion-builder-row-2 a:not(.fusion-button):not(.fusion-builder-module-control):not(.fusion-social-network-icon):not(.fb-icon-element):not(.fusion-countdown-link):not(.fusion-rollover-link):not(.fusion-rollover-gallery):not(.fusion-button-bar):not(.add_to_cart_button):not(.show_details_button):not(.product_type_external):not(.fusion-quick-view):not(.fusion-rollover-title-link):not(.fusion-breadcrumb-link):hover:before, .fusion-fullwidth.fusion-builder-row-2 a:not(.fusion-button):not(.fusion-builder-module-control):not(.fusion-social-network-icon):not(.fb-icon-element):not(.fusion-countdown-link):not(.fusion-rollover-link):not(.fusion-rollover-gallery):not(.fusion-button-bar):not(.add_to_cart_button):not(.show_details_button):not(.product_type_external):not(.fusion-quick-view):not(.fusion-rollover-title-link):not(.fusion-breadcrumb-link):hover:after {color: #c20e1a;}.fusion-fullwidth.fusion-builder-row-2 .pagination a.inactive:hover, .fusion-fullwidth.fusion-builder-row-2 .fusion-filters .fusion-filter.fusion-active a {border-color: #c20e1a;}.fusion-fullwidth.fusion-builder-row-2 .pagination .current {border-color: #c20e1a; background-color: #c20e1a;}.fusion-fullwidth.fusion-builder-row-2 .fusion-filters .fusion-filter.fusion-active a, .fusion-fullwidth.fusion-builder-row-2 .fusion-date-and-formats .fusion-format-box, .fusion-fullwidth.fusion-builder-row-2 .fusion-popover, .fusion-fullwidth.fusion-builder-row-2 .tooltip-shortcode {color: #c20e1a;}#main .fusion-fullwidth.fusion-builder-row-2 .post .blog-shortcode-post-title a:hover {color: #c20e1a;}<\/style><div class=\"fusion-fullwidth fullwidth-box fusion-builder-row-3 nonhundred-percent-fullwidth non-hundred-percent-height-scrolling\"  style='background-color: rgba(255,255,255,0);background-position: center center;background-repeat: no-repeat;padding-top:0px;padding-right:0px;padding-bottom:0px;padding-left:0px;'><div class=\"fusion-builder-row fusion-row \"><div  class=\"fusion-layout-column fusion_builder_column fusion_builder_column_1_1 fusion-builder-column-3 fusion-one-full fusion-column-first fusion-column-last 1_1\"  style='margin-top:0px;margin-bottom:20px;'><div class=\"fusion-column-wrapper\" style=\"padding: 0px 0px 0px 0px;background-position:left top;background-repeat:no-repeat;-webkit-background-size:cover;-moz-background-size:cover;-o-background-size:cover;background-size:cover;\"   data-bg-url=\"\"><style type=\"text\/css\">@media only screen and (max-width:800px) {.fusion-title.fusion-title-1{margin-top:10px!important;margin-bottom:10px!important;}}<\/style><div class=\"fusion-title title fusion-title-1 fusion-title-text fusion-title-size-three\" style=\"margin-top:20PX;margin-bottom:20PX;\"><h3 class=\"title-heading-left\" style=\"margin:0;color:#273b7d;\">INFORMATIVOS<\/h3><div class=\"title-sep-container\"><div class=\"title-sep sep-single sep-solid\" style=\"border-color:#273b7d;\"><\/div><\/div><\/div><div class=\"fusion-recent-posts fusion-recent-posts-1 avada-container layout-default layout-columns-3 fusion-recent-posts-center\"><section class=\"fusion-columns columns fusion-columns-3 columns-3\"><article class=\"post fusion-column column col col-lg-4 col-md-4 col-sm-4\"><div class=\"fusion-flexslider fusion-flexslider-loading flexslider flexslider-hover-type-none\"><ul class=\"slides\"><li><a href=\"https:\/\/asbrav.org.br\/_bkp_2023\/asbrav-e-ashrae-promovem-jantar-de-networking-e-confraternizacao-em-porto-alegre\/\" aria-label=\"ASBRAV e ASHRAE promovem Jantar de networking e confraterniza\u00e7\u00e3o em Porto Alegre\" class=\"hover-type-none\"><img loading=\"lazy\" decoding=\"async\" width=\"700\" height=\"441\" src=\"https:\/\/asbrav.org.br\/_bkp_2023\/wp-content\/uploads\/2023\/05\/Noticias-700x441.jpg\" class=\"attachment-recent-posts size-recent-posts\" alt=\"\" srcset=\"https:\/\/asbrav.org.br\/_bkp_2023\/wp-content\/uploads\/2023\/05\/Noticias-320x202.jpg 320w, https:\/\/asbrav.org.br\/_bkp_2023\/wp-content\/uploads\/2023\/05\/Noticias-700x441.jpg 700w\" sizes=\"auto, (max-width: 700px) 100vw, 700px\" \/><\/a><\/li><\/ul><\/div><div class=\"recent-posts-content\"><span class=\"vcard\" style=\"display: none;\"><span class=\"fn\"><a href=\"https:\/\/asbrav.org.br\/_bkp_2023\/author\/asbravsitenovo2022\/\" title=\"Posts de AsbravSiteNovo2022\" rel=\"author\">AsbravSiteNovo2022<\/a><\/span><\/span><span class=\"updated\" style=\"display:none;\">2023-05-28T18:54:00-03:00<\/span><h4 class=\"entry-title\"><a href=\"https:\/\/asbrav.org.br\/_bkp_2023\/asbrav-e-ashrae-promovem-jantar-de-networking-e-confraternizacao-em-porto-alegre\/\">ASBRAV e ASHRAE promovem Jantar de networking e confraterniza\u00e7\u00e3o em Porto Alegre<\/a><\/h4><\/div><\/article><article class=\"post fusion-column column col col-lg-4 col-md-4 col-sm-4\"><div class=\"fusion-flexslider fusion-flexslider-loading flexslider flexslider-hover-type-none\"><ul class=\"slides\"><li><a href=\"https:\/\/asbrav.org.br\/_bkp_2023\/alteracoes-da-lei-14-533-2023\/\" aria-label=\"Altera\u00e7\u00f5es da Lei 14.533\/2023\" class=\"hover-type-none\"><img loading=\"lazy\" decoding=\"async\" width=\"700\" height=\"441\" src=\"https:\/\/asbrav.org.br\/_bkp_2023\/wp-content\/uploads\/2023\/05\/Noticias-700x441.png\" class=\"attachment-recent-posts size-recent-posts\" alt=\"\" srcset=\"https:\/\/asbrav.org.br\/_bkp_2023\/wp-content\/uploads\/2023\/05\/Noticias-320x202.png 320w, https:\/\/asbrav.org.br\/_bkp_2023\/wp-content\/uploads\/2023\/05\/Noticias-700x441.png 700w\" sizes=\"auto, (max-width: 700px) 100vw, 700px\" \/><\/a><\/li><\/ul><\/div><div class=\"recent-posts-content\"><span class=\"vcard\" style=\"display: none;\"><span class=\"fn\"><a href=\"https:\/\/asbrav.org.br\/_bkp_2023\/author\/asbravsitenovo2022\/\" title=\"Posts de AsbravSiteNovo2022\" rel=\"author\">AsbravSiteNovo2022<\/a><\/span><\/span><span class=\"updated\" style=\"display:none;\">2023-05-26T06:58:00-03:00<\/span><h4 class=\"entry-title\"><a href=\"https:\/\/asbrav.org.br\/_bkp_2023\/alteracoes-da-lei-14-533-2023\/\">Altera\u00e7\u00f5es da Lei 14.533\/2023<\/a><\/h4><\/div><\/article><article class=\"post fusion-column column col col-lg-4 col-md-4 col-sm-4\"><div class=\"fusion-flexslider fusion-flexslider-loading flexslider flexslider-hover-type-none\"><ul class=\"slides\"><li><a href=\"https:\/\/asbrav.org.br\/_bkp_2023\/asbrav-anuncia-nova-data-para-o-curso-de-plano-de-manutencao-operacao-e-controle-pmoc\/\" aria-label=\"ASBRAV anuncia nova data para o Curso de Plano de Manuten\u00e7\u00e3o Opera\u00e7\u00e3o e Controle (PMOC)\" class=\"hover-type-none\"><img loading=\"lazy\" decoding=\"async\" width=\"700\" height=\"441\" src=\"https:\/\/asbrav.org.br\/_bkp_2023\/wp-content\/uploads\/2023\/05\/422231_1058294_curso_pmoc_site-700x441.jpg\" class=\"attachment-recent-posts size-recent-posts\" alt=\"\" srcset=\"https:\/\/asbrav.org.br\/_bkp_2023\/wp-content\/uploads\/2023\/05\/422231_1058294_curso_pmoc_site-320x202.jpg 320w, https:\/\/asbrav.org.br\/_bkp_2023\/wp-content\/uploads\/2023\/05\/422231_1058294_curso_pmoc_site-700x441.jpg 700w\" sizes=\"auto, (max-width: 700px) 100vw, 700px\" \/><\/a><\/li><\/ul><\/div><div class=\"recent-posts-content\"><span class=\"vcard\" style=\"display: none;\"><span class=\"fn\"><a href=\"https:\/\/asbrav.org.br\/_bkp_2023\/author\/asbravsitenovo2022\/\" title=\"Posts de AsbravSiteNovo2022\" rel=\"author\">AsbravSiteNovo2022<\/a><\/span><\/span><span class=\"updated\" style=\"display:none;\">2023-05-17T07:27:23-03:00<\/span><h4 class=\"entry-title\"><a href=\"https:\/\/asbrav.org.br\/_bkp_2023\/asbrav-anuncia-nova-data-para-o-curso-de-plano-de-manutencao-operacao-e-controle-pmoc\/\">ASBRAV anuncia nova data para o Curso de Plano de Manuten\u00e7\u00e3o Opera\u00e7\u00e3o e Controle (PMOC)<\/a><\/h4><\/div><\/article><\/section><\/div><div class=\"fusion-clearfix\"><\/div><\/div><\/div><\/div><\/div><style type=\"text\/css\">.fusion-fullwidth.fusion-builder-row-3 a:not(.fusion-button):not(.fusion-builder-module-control):not(.fusion-social-network-icon):not(.fb-icon-element):not(.fusion-countdown-link):not(.fusion-rollover-link):not(.fusion-rollover-gallery):not(.fusion-button-bar):not(.add_to_cart_button):not(.show_details_button):not(.product_type_external):not(.fusion-quick-view):not(.fusion-rollover-title-link):not(.fusion-breadcrumb-link) , .fusion-fullwidth.fusion-builder-row-3 a:not(.fusion-button):not(.fusion-builder-module-control):not(.fusion-social-network-icon):not(.fb-icon-element):not(.fusion-countdown-link):not(.fusion-rollover-link):not(.fusion-rollover-gallery):not(.fusion-button-bar):not(.add_to_cart_button):not(.show_details_button):not(.product_type_external):not(.fusion-quick-view):not(.fusion-rollover-title-link):not(.fusion-breadcrumb-link):before, .fusion-fullwidth.fusion-builder-row-3 a:not(.fusion-button):not(.fusion-builder-module-control):not(.fusion-social-network-icon):not(.fb-icon-element):not(.fusion-countdown-link):not(.fusion-rollover-link):not(.fusion-rollover-gallery):not(.fusion-button-bar):not(.add_to_cart_button):not(.show_details_button):not(.product_type_external):not(.fusion-quick-view):not(.fusion-rollover-title-link):not(.fusion-breadcrumb-link):after {color: #c20e1a;}.fusion-fullwidth.fusion-builder-row-3 a:not(.fusion-button):not(.fusion-builder-module-control):not(.fusion-social-network-icon):not(.fb-icon-element):not(.fusion-countdown-link):not(.fusion-rollover-link):not(.fusion-rollover-gallery):not(.fusion-button-bar):not(.add_to_cart_button):not(.show_details_button):not(.product_type_external):not(.fusion-quick-view):not(.fusion-rollover-title-link):not(.fusion-breadcrumb-link):hover, .fusion-fullwidth.fusion-builder-row-3 a:not(.fusion-button):not(.fusion-builder-module-control):not(.fusion-social-network-icon):not(.fb-icon-element):not(.fusion-countdown-link):not(.fusion-rollover-link):not(.fusion-rollover-gallery):not(.fusion-button-bar):not(.add_to_cart_button):not(.show_details_button):not(.product_type_external):not(.fusion-quick-view):not(.fusion-rollover-title-link):not(.fusion-breadcrumb-link):hover:before, .fusion-fullwidth.fusion-builder-row-3 a:not(.fusion-button):not(.fusion-builder-module-control):not(.fusion-social-network-icon):not(.fb-icon-element):not(.fusion-countdown-link):not(.fusion-rollover-link):not(.fusion-rollover-gallery):not(.fusion-button-bar):not(.add_to_cart_button):not(.show_details_button):not(.product_type_external):not(.fusion-quick-view):not(.fusion-rollover-title-link):not(.fusion-breadcrumb-link):hover:after {color: #c20e1a;}.fusion-fullwidth.fusion-builder-row-3 .pagination a.inactive:hover, .fusion-fullwidth.fusion-builder-row-3 .fusion-filters .fusion-filter.fusion-active a {border-color: #c20e1a;}.fusion-fullwidth.fusion-builder-row-3 .pagination .current {border-color: #c20e1a; background-color: #c20e1a;}.fusion-fullwidth.fusion-builder-row-3 .fusion-filters .fusion-filter.fusion-active a, .fusion-fullwidth.fusion-builder-row-3 .fusion-date-and-formats .fusion-format-box, .fusion-fullwidth.fusion-builder-row-3 .fusion-popover, .fusion-fullwidth.fusion-builder-row-3 .tooltip-shortcode {color: #c20e1a;}#main .fusion-fullwidth.fusion-builder-row-3 .post .blog-shortcode-post-title a:hover {color: #c20e1a;}<\/style><\/p>\n","protected":false},"excerpt":{"rendered":"","protected":false},"author":1,"featured_media":0,"parent":0,"menu_order":0,"comment_status":"closed","ping_status":"closed","template":"","meta":{"footnotes":""},"class_list":["post-6","page","type-page","status-publish","hentry"],"_links":{"self":[{"href":"https:\/\/asbrav.org.br\/_bkp_2023\/wp-json\/wp\/v2\/pages\/6","targetHints":{"allow":["GET"]}}],"collection":[{"href":"https:\/\/asbrav.org.br\/_bkp_2023\/wp-json\/wp\/v2\/pages"}],"about":[{"href":"https:\/\/asbrav.org.br\/_bkp_2023\/wp-json\/wp\/v2\/types\/page"}],"author":[{"embeddable":true,"href":"https:\/\/asbrav.org.br\/_bkp_2023\/wp-json\/wp\/v2\/users\/1"}],"replies":[{"embeddable":true,"href":"https:\/\/asbrav.org.br\/_bkp_2023\/wp-json\/wp\/v2\/comments?post=6"}],"version-history":[{"count":63,"href":"https:\/\/asbrav.org.br\/_bkp_2023\/wp-json\/wp\/v2\/pages\/6\/revisions"}],"predecessor-version":[{"id":766,"href":"https:\/\/asbrav.org.br\/_bkp_2023\/wp-json\/wp\/v2\/pages\/6\/revisions\/766"}],"wp:attachment":[{"href":"https:\/\/asbrav.org.br\/_bkp_2023\/wp-json\/wp\/v2\/media?parent=6"}],"curies":[{"name":"wp","href":"https:\/\/api.w.org\/{rel}","templated":true}]}}