{"id":2018,"date":"2022-10-06T15:42:11","date_gmt":"2022-10-06T18:42:11","guid":{"rendered":"https:\/\/asbrav.org.br\/_bkp_2023\/?page_id=2018"},"modified":"2022-10-07T12:18:40","modified_gmt":"2022-10-07T15:18:40","slug":"espaco-publicitario","status":"publish","type":"page","link":"https:\/\/asbrav.org.br\/_bkp_2023\/espaco-publicitario\/","title":{"rendered":"ESPA\u00c7O PUBLICIT\u00c1RIO"},"content":{"rendered":"<div class=\"fusion-fullwidth fullwidth-box fusion-builder-row-1 nonhundred-percent-fullwidth non-hundred-percent-height-scrolling\"  style='background-color: rgba(255,255,255,0);background-position: center center;background-repeat: no-repeat;padding-top:0px;padding-right:0px;padding-bottom:0px;padding-left:0px;'><div class=\"fusion-builder-row fusion-row \"><div  class=\"fusion-layout-column fusion_builder_column fusion_builder_column_1_2 fusion-builder-column-0 fusion-one-half fusion-column-first 1_2\"  style='margin-top:0px;margin-bottom:20px;width:50%;width:calc(50% - ( ( 4% ) * 0.5 ) );margin-right: 4%;'><div class=\"fusion-column-wrapper\" style=\"padding: 0px 0px 0px 0px;background-position:left top;background-repeat:no-repeat;-webkit-background-size:cover;-moz-background-size:cover;-o-background-size:cover;background-size:cover;\"   data-bg-url=\"\"><div class=\"fusion-text\"><h1 style=\"text-align: justify;\"><span style=\"color: #333333;\">Voc\u00ea associado divulgue sua empresa neste espa\u00e7o publicit\u00e1rio, com o link direto para a sua empresa.<\/span><\/h1>\n<h1><span style=\"color: #333333;\">Entre em contato com: <a href=\"mailto:assessoria@asbrav.org.br\">assessoria@asbrav.org.br<\/a><\/span><\/h1>\n<\/div><div class=\"fusion-clearfix\"><\/div><\/div><\/div><div  class=\"fusion-layout-column fusion_builder_column fusion_builder_column_1_2 fusion-builder-column-1 fusion-one-half fusion-column-last 1_2\"  style='margin-top:0px;margin-bottom:20px;width:50%;width:calc(50% - ( ( 4% ) * 0.5 ) );'><div class=\"fusion-column-wrapper\" style=\"padding: 0px 0px 0px 0px;background-position:left top;background-repeat:no-repeat;-webkit-background-size:cover;-moz-background-size:cover;-o-background-size:cover;background-size:cover;\"   data-bg-url=\"\"><div class=\"fusion-image-carousel fusion-image-carousel-auto fusion-carousel-border\"><div class=\"fusion-carousel\" data-autoplay=\"yes\" data-columns=\"1\" data-itemmargin=\"13\" data-itemwidth=\"180\" data-touchscroll=\"no\" data-imagesize=\"auto\"><div class=\"fusion-carousel-positioner\"><ul class=\"fusion-carousel-holder\"><li class=\"fusion-carousel-item\"><div class=\"fusion-carousel-item-wrapper\"><div class=\"fusion-image-wrapper hover-type-none\"><a href=\"https:\/\/klift.com.br\/\" target=\"_blank\" rel=\"noopener noreferrer\"><img loading=\"lazy\" decoding=\"async\" width=\"960\" height=\"687\" src=\"https:\/\/asbrav.org.br\/_bkp_2023\/wp-content\/uploads\/2022\/10\/EMPRESA-ASSOCIADA-46.png\" class=\"attachment-full size-full\" alt=\"\" srcset=\"https:\/\/asbrav.org.br\/_bkp_2023\/wp-content\/uploads\/2022\/10\/EMPRESA-ASSOCIADA-46-200x143.png 200w, https:\/\/asbrav.org.br\/_bkp_2023\/wp-content\/uploads\/2022\/10\/EMPRESA-ASSOCIADA-46-300x214.png 300w, https:\/\/asbrav.org.br\/_bkp_2023\/wp-content\/uploads\/2022\/10\/EMPRESA-ASSOCIADA-46-400x286.png 400w, https:\/\/asbrav.org.br\/_bkp_2023\/wp-content\/uploads\/2022\/10\/EMPRESA-ASSOCIADA-46-600x429.png 600w, https:\/\/asbrav.org.br\/_bkp_2023\/wp-content\/uploads\/2022\/10\/EMPRESA-ASSOCIADA-46-768x550.png 768w, https:\/\/asbrav.org.br\/_bkp_2023\/wp-content\/uploads\/2022\/10\/EMPRESA-ASSOCIADA-46-800x573.png 800w, https:\/\/asbrav.org.br\/_bkp_2023\/wp-content\/uploads\/2022\/10\/EMPRESA-ASSOCIADA-46.png 960w\" sizes=\"auto, (max-width: 960px) 100vw, 960px\" \/><\/a><\/div><\/div><\/li><li class=\"fusion-carousel-item\"><div class=\"fusion-carousel-item-wrapper\"><div class=\"fusion-image-wrapper hover-type-none\"><a href=\"https:\/\/www.joape.com.br\/\" target=\"_self\"><img loading=\"lazy\" decoding=\"async\" width=\"960\" height=\"687\" src=\"https:\/\/asbrav.org.br\/_bkp_2023\/wp-content\/uploads\/2022\/10\/EMPRESA-ASSOCIADA-432.jpg\" class=\"attachment-full size-full\" alt=\"\" srcset=\"https:\/\/asbrav.org.br\/_bkp_2023\/wp-content\/uploads\/2022\/10\/EMPRESA-ASSOCIADA-432-200x143.jpg 200w, https:\/\/asbrav.org.br\/_bkp_2023\/wp-content\/uploads\/2022\/10\/EMPRESA-ASSOCIADA-432-300x214.jpg 300w, https:\/\/asbrav.org.br\/_bkp_2023\/wp-content\/uploads\/2022\/10\/EMPRESA-ASSOCIADA-432-400x286.jpg 400w, https:\/\/asbrav.org.br\/_bkp_2023\/wp-content\/uploads\/2022\/10\/EMPRESA-ASSOCIADA-432-600x429.jpg 600w, https:\/\/asbrav.org.br\/_bkp_2023\/wp-content\/uploads\/2022\/10\/EMPRESA-ASSOCIADA-432-768x550.jpg 768w, https:\/\/asbrav.org.br\/_bkp_2023\/wp-content\/uploads\/2022\/10\/EMPRESA-ASSOCIADA-432-800x573.jpg 800w, https:\/\/asbrav.org.br\/_bkp_2023\/wp-content\/uploads\/2022\/10\/EMPRESA-ASSOCIADA-432.jpg 960w\" sizes=\"auto, (max-width: 960px) 100vw, 960px\" \/><\/a><\/div><\/div><\/li><\/ul><div class=\"fusion-carousel-nav\"><span class=\"fusion-nav-prev\"><\/span><span class=\"fusion-nav-next\"><\/span><\/div><\/div><\/div><\/div><div class=\"fusion-clearfix\"><\/div><\/div><\/div><\/div><\/div><style type=\"text\/css\">.fusion-fullwidth.fusion-builder-row-1 a:not(.fusion-button):not(.fusion-builder-module-control):not(.fusion-social-network-icon):not(.fb-icon-element):not(.fusion-countdown-link):not(.fusion-rollover-link):not(.fusion-rollover-gallery):not(.fusion-button-bar):not(.add_to_cart_button):not(.show_details_button):not(.product_type_external):not(.fusion-quick-view):not(.fusion-rollover-title-link):not(.fusion-breadcrumb-link) , .fusion-fullwidth.fusion-builder-row-1 a:not(.fusion-button):not(.fusion-builder-module-control):not(.fusion-social-network-icon):not(.fb-icon-element):not(.fusion-countdown-link):not(.fusion-rollover-link):not(.fusion-rollover-gallery):not(.fusion-button-bar):not(.add_to_cart_button):not(.show_details_button):not(.product_type_external):not(.fusion-quick-view):not(.fusion-rollover-title-link):not(.fusion-breadcrumb-link):before, .fusion-fullwidth.fusion-builder-row-1 a:not(.fusion-button):not(.fusion-builder-module-control):not(.fusion-social-network-icon):not(.fb-icon-element):not(.fusion-countdown-link):not(.fusion-rollover-link):not(.fusion-rollover-gallery):not(.fusion-button-bar):not(.add_to_cart_button):not(.show_details_button):not(.product_type_external):not(.fusion-quick-view):not(.fusion-rollover-title-link):not(.fusion-breadcrumb-link):after {color: #c20e1a;}.fusion-fullwidth.fusion-builder-row-1 a:not(.fusion-button):not(.fusion-builder-module-control):not(.fusion-social-network-icon):not(.fb-icon-element):not(.fusion-countdown-link):not(.fusion-rollover-link):not(.fusion-rollover-gallery):not(.fusion-button-bar):not(.add_to_cart_button):not(.show_details_button):not(.product_type_external):not(.fusion-quick-view):not(.fusion-rollover-title-link):not(.fusion-breadcrumb-link):hover, .fusion-fullwidth.fusion-builder-row-1 a:not(.fusion-button):not(.fusion-builder-module-control):not(.fusion-social-network-icon):not(.fb-icon-element):not(.fusion-countdown-link):not(.fusion-rollover-link):not(.fusion-rollover-gallery):not(.fusion-button-bar):not(.add_to_cart_button):not(.show_details_button):not(.product_type_external):not(.fusion-quick-view):not(.fusion-rollover-title-link):not(.fusion-breadcrumb-link):hover:before, .fusion-fullwidth.fusion-builder-row-1 a:not(.fusion-button):not(.fusion-builder-module-control):not(.fusion-social-network-icon):not(.fb-icon-element):not(.fusion-countdown-link):not(.fusion-rollover-link):not(.fusion-rollover-gallery):not(.fusion-button-bar):not(.add_to_cart_button):not(.show_details_button):not(.product_type_external):not(.fusion-quick-view):not(.fusion-rollover-title-link):not(.fusion-breadcrumb-link):hover:after {color: #c20e1a;}.fusion-fullwidth.fusion-builder-row-1 .pagination a.inactive:hover, .fusion-fullwidth.fusion-builder-row-1 .fusion-filters .fusion-filter.fusion-active a {border-color: #c20e1a;}.fusion-fullwidth.fusion-builder-row-1 .pagination .current {border-color: #c20e1a; background-color: #c20e1a;}.fusion-fullwidth.fusion-builder-row-1 .fusion-filters .fusion-filter.fusion-active a, .fusion-fullwidth.fusion-builder-row-1 .fusion-date-and-formats .fusion-format-box, .fusion-fullwidth.fusion-builder-row-1 .fusion-popover, .fusion-fullwidth.fusion-builder-row-1 .tooltip-shortcode {color: #c20e1a;}#main .fusion-fullwidth.fusion-builder-row-1 .post .blog-shortcode-post-title a:hover {color: #c20e1a;}<\/style>\n","protected":false},"excerpt":{"rendered":"","protected":false},"author":4,"featured_media":0,"parent":0,"menu_order":0,"comment_status":"closed","ping_status":"closed","template":"","meta":{"footnotes":""},"class_list":["post-2018","page","type-page","status-publish","hentry"],"_links":{"self":[{"href":"https:\/\/asbrav.org.br\/_bkp_2023\/wp-json\/wp\/v2\/pages\/2018","targetHints":{"allow":["GET"]}}],"collection":[{"href":"https:\/\/asbrav.org.br\/_bkp_2023\/wp-json\/wp\/v2\/pages"}],"about":[{"href":"https:\/\/asbrav.org.br\/_bkp_2023\/wp-json\/wp\/v2\/types\/page"}],"author":[{"embeddable":true,"href":"https:\/\/asbrav.org.br\/_bkp_2023\/wp-json\/wp\/v2\/users\/4"}],"replies":[{"embeddable":true,"href":"https:\/\/asbrav.org.br\/_bkp_2023\/wp-json\/wp\/v2\/comments?post=2018"}],"version-history":[{"count":24,"href":"https:\/\/asbrav.org.br\/_bkp_2023\/wp-json\/wp\/v2\/pages\/2018\/revisions"}],"predecessor-version":[{"id":2037,"href":"https:\/\/asbrav.org.br\/_bkp_2023\/wp-json\/wp\/v2\/pages\/2018\/revisions\/2037"}],"wp:attachment":[{"href":"https:\/\/asbrav.org.br\/_bkp_2023\/wp-json\/wp\/v2\/media?parent=2018"}],"curies":[{"name":"wp","href":"https:\/\/api.w.org\/{rel}","templated":true}]}}