{"id":1267,"date":"2022-04-20T08:52:24","date_gmt":"2022-04-20T11:52:24","guid":{"rendered":"https:\/\/asbrav.org.br\/_bkp_2023\/?page_id=1267"},"modified":"2022-04-20T09:02:22","modified_gmt":"2022-04-20T12:02:22","slug":"guias-asbrav","status":"publish","type":"page","link":"https:\/\/asbrav.org.br\/_bkp_2023\/guias-asbrav\/","title":{"rendered":"GUIAS ASBRAV"},"content":{"rendered":"<div class=\"fusion-fullwidth fullwidth-box fusion-builder-row-1 nonhundred-percent-fullwidth non-hundred-percent-height-scrolling\"  style='background-color: rgba(255,255,255,0);background-position: center center;background-repeat: no-repeat;padding-top:0px;padding-right:0px;padding-bottom:0px;padding-left:0px;'><div class=\"fusion-builder-row fusion-row \"><div  class=\"fusion-layout-column fusion_builder_column fusion_builder_column_1_4 fusion-builder-column-0 fusion-one-fourth fusion-column-first 1_4\"  style='margin-top:0px;margin-bottom:20px;width:25%;width:calc(25% - ( ( 4% + 4% + 4% ) * 0.25 ) );margin-right: 4%;'><div class=\"fusion-column-wrapper\" style=\"padding: 0px 0px 0px 0px;background-position:left top;background-repeat:no-repeat;-webkit-background-size:cover;-moz-background-size:cover;-o-background-size:cover;background-size:cover;\"   data-bg-url=\"\"><div class=\"fusion-text\"><p><a href=\"https:\/\/asbrav.org.br\/wp-content\/uploads\/2022\/04\/Guia-I-Guia-de-Climatizacao-de-Ambientes-Fechados-Nao-Residenciais-03.2020.pdf\" target=\"_blank\" rel=\"noopener\"><img loading=\"lazy\" decoding=\"async\" class=\"size-full wp-image-1272 aligncenter\" src=\"https:\/\/asbrav.org.br\/wp-content\/uploads\/2022\/04\/OIP.jpg\" alt=\"\" width=\"474\" height=\"639\" srcset=\"https:\/\/asbrav.org.br\/_bkp_2023\/wp-content\/uploads\/2022\/04\/OIP-200x270.jpg 200w, https:\/\/asbrav.org.br\/_bkp_2023\/wp-content\/uploads\/2022\/04\/OIP-223x300.jpg 223w, https:\/\/asbrav.org.br\/_bkp_2023\/wp-content\/uploads\/2022\/04\/OIP-400x539.jpg 400w, https:\/\/asbrav.org.br\/_bkp_2023\/wp-content\/uploads\/2022\/04\/OIP.jpg 474w\" sizes=\"auto, (max-width: 474px) 100vw, 474px\" \/><\/a><\/p>\n<p style=\"text-align: center;\"><a href=\"https:\/\/asbrav.org.br\/wp-content\/uploads\/2022\/04\/Guia-I-Guia-de-Climatizacao-de-Ambientes-Fechados-Nao-Residenciais-03.2020.pdf\" target=\"_blank\" rel=\"noopener\">Guia I &#8211; Guia de Climatiza\u00e7\u00e3o de Ambientes Fechados N\u00e3o Residenciais-03.2020<\/a><\/p>\n<\/div><div class=\"fusion-clearfix\"><\/div><\/div><\/div><div  class=\"fusion-layout-column fusion_builder_column fusion_builder_column_1_4 fusion-builder-column-1 fusion-one-fourth 1_4\"  style='margin-top:0px;margin-bottom:20px;width:25%;width:calc(25% - ( ( 4% + 4% + 4% ) * 0.25 ) );margin-right: 4%;'><div class=\"fusion-column-wrapper\" style=\"padding: 0px 0px 0px 0px;background-position:left top;background-repeat:no-repeat;-webkit-background-size:cover;-moz-background-size:cover;-o-background-size:cover;background-size:cover;\"   data-bg-url=\"\"><div class=\"fusion-text\"><p><a href=\"https:\/\/asbrav.org.br\/wp-content\/uploads\/2022\/04\/Guia-II-Guia-de-Aquisicao-e-Instalacao-de-Condicionadores-de-Ar-03.2020.pdf\" target=\"_blank\" rel=\"noopener\"><img loading=\"lazy\" decoding=\"async\" class=\"size-full wp-image-1272 aligncenter\" src=\"https:\/\/asbrav.org.br\/wp-content\/uploads\/2022\/04\/OIP.jpg\" alt=\"\" width=\"474\" height=\"639\" srcset=\"https:\/\/asbrav.org.br\/_bkp_2023\/wp-content\/uploads\/2022\/04\/OIP-200x270.jpg 200w, https:\/\/asbrav.org.br\/_bkp_2023\/wp-content\/uploads\/2022\/04\/OIP-223x300.jpg 223w, https:\/\/asbrav.org.br\/_bkp_2023\/wp-content\/uploads\/2022\/04\/OIP-400x539.jpg 400w, https:\/\/asbrav.org.br\/_bkp_2023\/wp-content\/uploads\/2022\/04\/OIP.jpg 474w\" sizes=\"auto, (max-width: 474px) 100vw, 474px\" \/><\/a><\/p>\n<p style=\"text-align: center;\"><a href=\"https:\/\/asbrav.org.br\/wp-content\/uploads\/2022\/04\/Guia-II-Guia-de-Aquisicao-e-Instalacao-de-Condicionadores-de-Ar-03.2020.pdf\" target=\"_blank\" rel=\"noopener\">Guia II &#8211; Guia de Aquisi\u00e7\u00e3o e Instal\u00e7\u00e3o de Condicionadores de Ar-03.2020<\/a><\/p>\n<\/div><div class=\"fusion-clearfix\"><\/div><\/div><\/div><div  class=\"fusion-layout-column fusion_builder_column fusion_builder_column_1_4 fusion-builder-column-2 fusion-one-fourth 1_4\"  style='margin-top:0px;margin-bottom:20px;width:25%;width:calc(25% - ( ( 4% + 4% + 4% ) * 0.25 ) );margin-right: 4%;'><div class=\"fusion-column-wrapper\" style=\"padding: 0px 0px 0px 0px;background-position:left top;background-repeat:no-repeat;-webkit-background-size:cover;-moz-background-size:cover;-o-background-size:cover;background-size:cover;\"   data-bg-url=\"\"><div class=\"fusion-clearfix\"><\/div><\/div><\/div><div  class=\"fusion-layout-column fusion_builder_column fusion_builder_column_1_4 fusion-builder-column-3 fusion-one-fourth fusion-column-last 1_4\"  style='margin-top:0px;margin-bottom:20px;width:25%;width:calc(25% - ( ( 4% + 4% + 4% ) * 0.25 ) );'><div class=\"fusion-column-wrapper\" style=\"padding: 0px 0px 0px 0px;background-position:left top;background-repeat:no-repeat;-webkit-background-size:cover;-moz-background-size:cover;-o-background-size:cover;background-size:cover;\"   data-bg-url=\"\"><div class=\"fusion-clearfix\"><\/div><\/div><\/div><\/div><\/div><style type=\"text\/css\">.fusion-fullwidth.fusion-builder-row-1 a:not(.fusion-button):not(.fusion-builder-module-control):not(.fusion-social-network-icon):not(.fb-icon-element):not(.fusion-countdown-link):not(.fusion-rollover-link):not(.fusion-rollover-gallery):not(.fusion-button-bar):not(.add_to_cart_button):not(.show_details_button):not(.product_type_external):not(.fusion-quick-view):not(.fusion-rollover-title-link):not(.fusion-breadcrumb-link) , .fusion-fullwidth.fusion-builder-row-1 a:not(.fusion-button):not(.fusion-builder-module-control):not(.fusion-social-network-icon):not(.fb-icon-element):not(.fusion-countdown-link):not(.fusion-rollover-link):not(.fusion-rollover-gallery):not(.fusion-button-bar):not(.add_to_cart_button):not(.show_details_button):not(.product_type_external):not(.fusion-quick-view):not(.fusion-rollover-title-link):not(.fusion-breadcrumb-link):before, .fusion-fullwidth.fusion-builder-row-1 a:not(.fusion-button):not(.fusion-builder-module-control):not(.fusion-social-network-icon):not(.fb-icon-element):not(.fusion-countdown-link):not(.fusion-rollover-link):not(.fusion-rollover-gallery):not(.fusion-button-bar):not(.add_to_cart_button):not(.show_details_button):not(.product_type_external):not(.fusion-quick-view):not(.fusion-rollover-title-link):not(.fusion-breadcrumb-link):after {color: #c20e1a;}.fusion-fullwidth.fusion-builder-row-1 a:not(.fusion-button):not(.fusion-builder-module-control):not(.fusion-social-network-icon):not(.fb-icon-element):not(.fusion-countdown-link):not(.fusion-rollover-link):not(.fusion-rollover-gallery):not(.fusion-button-bar):not(.add_to_cart_button):not(.show_details_button):not(.product_type_external):not(.fusion-quick-view):not(.fusion-rollover-title-link):not(.fusion-breadcrumb-link):hover, .fusion-fullwidth.fusion-builder-row-1 a:not(.fusion-button):not(.fusion-builder-module-control):not(.fusion-social-network-icon):not(.fb-icon-element):not(.fusion-countdown-link):not(.fusion-rollover-link):not(.fusion-rollover-gallery):not(.fusion-button-bar):not(.add_to_cart_button):not(.show_details_button):not(.product_type_external):not(.fusion-quick-view):not(.fusion-rollover-title-link):not(.fusion-breadcrumb-link):hover:before, .fusion-fullwidth.fusion-builder-row-1 a:not(.fusion-button):not(.fusion-builder-module-control):not(.fusion-social-network-icon):not(.fb-icon-element):not(.fusion-countdown-link):not(.fusion-rollover-link):not(.fusion-rollover-gallery):not(.fusion-button-bar):not(.add_to_cart_button):not(.show_details_button):not(.product_type_external):not(.fusion-quick-view):not(.fusion-rollover-title-link):not(.fusion-breadcrumb-link):hover:after {color: #c20e1a;}.fusion-fullwidth.fusion-builder-row-1 .pagination a.inactive:hover, .fusion-fullwidth.fusion-builder-row-1 .fusion-filters .fusion-filter.fusion-active a {border-color: #c20e1a;}.fusion-fullwidth.fusion-builder-row-1 .pagination .current {border-color: #c20e1a; background-color: #c20e1a;}.fusion-fullwidth.fusion-builder-row-1 .fusion-filters .fusion-filter.fusion-active a, .fusion-fullwidth.fusion-builder-row-1 .fusion-date-and-formats .fusion-format-box, .fusion-fullwidth.fusion-builder-row-1 .fusion-popover, .fusion-fullwidth.fusion-builder-row-1 .tooltip-shortcode {color: #c20e1a;}#main .fusion-fullwidth.fusion-builder-row-1 .post .blog-shortcode-post-title a:hover {color: #c20e1a;}<\/style>\n","protected":false},"excerpt":{"rendered":"","protected":false},"author":4,"featured_media":0,"parent":0,"menu_order":0,"comment_status":"closed","ping_status":"closed","template":"","meta":{"footnotes":""},"class_list":["post-1267","page","type-page","status-publish","hentry"],"_links":{"self":[{"href":"https:\/\/asbrav.org.br\/_bkp_2023\/wp-json\/wp\/v2\/pages\/1267","targetHints":{"allow":["GET"]}}],"collection":[{"href":"https:\/\/asbrav.org.br\/_bkp_2023\/wp-json\/wp\/v2\/pages"}],"about":[{"href":"https:\/\/asbrav.org.br\/_bkp_2023\/wp-json\/wp\/v2\/types\/page"}],"author":[{"embeddable":true,"href":"https:\/\/asbrav.org.br\/_bkp_2023\/wp-json\/wp\/v2\/users\/4"}],"replies":[{"embeddable":true,"href":"https:\/\/asbrav.org.br\/_bkp_2023\/wp-json\/wp\/v2\/comments?post=1267"}],"version-history":[{"count":4,"href":"https:\/\/asbrav.org.br\/_bkp_2023\/wp-json\/wp\/v2\/pages\/1267\/revisions"}],"predecessor-version":[{"id":1275,"href":"https:\/\/asbrav.org.br\/_bkp_2023\/wp-json\/wp\/v2\/pages\/1267\/revisions\/1275"}],"wp:attachment":[{"href":"https:\/\/asbrav.org.br\/_bkp_2023\/wp-json\/wp\/v2\/media?parent=1267"}],"curies":[{"name":"wp","href":"https:\/\/api.w.org\/{rel}","templated":true}]}}