{"id":114,"date":"2021-11-03T10:42:52","date_gmt":"2021-11-03T13:42:52","guid":{"rendered":"https:\/\/asbrav.org.br\/_bkp_2023\/?page_id=114"},"modified":"2021-11-03T10:42:52","modified_gmt":"2021-11-03T13:42:52","slug":"links-uteis","status":"publish","type":"page","link":"https:\/\/asbrav.org.br\/_bkp_2023\/links-uteis\/","title":{"rendered":"LINKS \u00daTEIS"},"content":{"rendered":"<div class=\"fusion-fullwidth fullwidth-box fusion-builder-row-1 nonhundred-percent-fullwidth non-hundred-percent-height-scrolling\"  style='background-color: rgba(255,255,255,0);background-position: center center;background-repeat: no-repeat;padding-top:0px;padding-right:0px;padding-bottom:0px;padding-left:0px;'><div class=\"fusion-builder-row fusion-row \"><div  class=\"fusion-layout-column fusion_builder_column fusion_builder_column_1_1 fusion-builder-column-0 fusion-one-full fusion-column-first fusion-column-last 1_1\"  style='margin-top:0px;margin-bottom:20px;'><div class=\"fusion-column-wrapper\" style=\"padding: 0px 0px 0px 0px;background-position:left top;background-repeat:no-repeat;-webkit-background-size:cover;-moz-background-size:cover;-o-background-size:cover;background-size:cover;\"   data-bg-url=\"\"><div class=\"fusion-tabs fusion-tabs-1 classic horizontal-tabs icon-position-left\"><style type=\"text\/css\">.fusion-tabs.fusion-tabs-1 .nav-tabs li a.tab-link{border-top-color:#f9f9fb;background-color:#f9f9fb;}.fusion-tabs.fusion-tabs-1 .nav-tabs{background-color:#ffffff;}.fusion-tabs.fusion-tabs-1 .nav-tabs li.active a.tab-link,.fusion-tabs.fusion-tabs-1 .nav-tabs li.active a.tab-link:hover,.fusion-tabs.fusion-tabs-1 .nav-tabs li.active a.tab-link:focus{border-right-color:#ffffff;}.fusion-tabs.fusion-tabs-1 .nav-tabs li.active a.tab-link,.fusion-tabs.fusion-tabs-1 .nav-tabs li.active a.tab-link:hover,.fusion-tabs.fusion-tabs-1 .nav-tabs li.active a.tab-link:focus{background-color:#ffffff;}.fusion-tabs.fusion-tabs-1 .nav-tabs li a:hover{background-color:#ffffff;border-top-color:#ffffff;}.fusion-tabs.fusion-tabs-1 .tab-pane{background-color:#ffffff;}.fusion-tabs.fusion-tabs-1 .nav,.fusion-tabs.fusion-tabs-1 .nav-tabs,.fusion-tabs.fusion-tabs-1 .tab-content .tab-pane{border-color:#e2e2e2;}<\/style><div class=\"nav\"><ul class=\"nav-tabs nav-justified\"><li class=\"active\"><a class=\"tab-link\" data-toggle=\"tab\" id=\"fusion-tab-nacionais\" href=\"#tab-2d1f1f9561d3a7b464c\"><h4 class=\"fusion-tab-heading\">NACIONAIS<\/h4><\/a><\/li><li><a class=\"tab-link\" data-toggle=\"tab\" id=\"fusion-tab-internacionais\" href=\"#tab-d56285d4cf4e816e579\"><h4 class=\"fusion-tab-heading\">INTERNACIONAIS<\/h4><\/a><\/li><\/ul><\/div><div class=\"tab-content\"><div class=\"nav fusion-mobile-tab-nav\"><ul class=\"nav-tabs nav-justified\"><li class=\"active\"><a class=\"tab-link\" data-toggle=\"tab\" id=\"mobile-fusion-tab-nacionais\" href=\"#tab-2d1f1f9561d3a7b464c\"><h4 class=\"fusion-tab-heading\">NACIONAIS<\/h4><\/a><\/li><\/ul><\/div><div class=\"tab-pane fade fusion-clearfix in active\" id=\"tab-2d1f1f9561d3a7b464c\">\n<p>ABNT \u2013 Associa\u00e7\u00e3o Brasileira de Normas T\u00e9cnicas<br \/>\nwww.abnt.org.br<\/p>\n<p>ABRAVA \u2013 Associa\u00e7\u00e3o Brasileira de Refrigera\u00e7\u00e3o Ar Condicionado Ventila\u00e7\u00e3o e Aquecimento<br \/>\nwww.abrava.com.br<\/p>\n<p>Aduaneiras<br \/>\nhttp:\/\/www.aduaneiras.com.br\/<\/p>\n<p>Associa\u00e7\u00e3o Brasileira de Metalurgia e Materiais<br \/>\nwww.abmbrasil.com.br\/<\/p>\n<p>Associa\u00e7\u00e3o Brasileira do Cobre<br \/>\nwww.sindicelabc.org.br\/index_hp.asp<\/p>\n<p>Boletim Metal \u2013 cota\u00e7\u00f5es (ingl\u00eas)<br \/>\nwww.metalbulletin.co.uk\/welcome_2003.asp<\/p>\n<p>CNI<br \/>\nwww.cni.org.br<\/p>\n<p>Companhia Vale do Rio Doce<br \/>\nwww.cvrd.com.br\/<\/p>\n<p>CREA-RS<br \/>\nwww.crea-rs.org.br<\/p>\n<p>CREA-PR<br \/>\nwww.crea-pr.org.br<\/p>\n<p>CREA-SC<br \/>\nwww.crea-sc.org.br<\/p>\n<p>Departamento de Engenharia Mec\u00e2nica \u2013 PUC RJ<br \/>\nwww.mec.puc-rio.br\/labs\/termo\/lra.html<\/p>\n<p>PNUD Brasil \u2013 Programa da Na\u00e7\u00f5es Unidas para o Desenvolvimento<br \/>\nwww.pnud.org.br\/meio_ambiente\/index.php?lay=mam Website: http:\/\/www.pnud.org.br\/projetos\/meio_ambiente<\/p>\n<p>Portal da Ind\u00fastria<br \/>\nwww.portaldaindustria.com.br\/<\/p>\n<p>SINDUSCON-RS<br \/>\nwww.sinduscon-rs.com.br<\/p>\n<p>SINDUSCON-PR<br \/>\nwww.sinduscon-pr.com.br<\/p>\n<p>SINDUSCON-SC<br \/>\nwww.sinduscon.sc.com.br<\/p>\n<p>UNICAMP<br \/>\n\/www.unicamp.br\/<\/p>\n<\/div><div class=\"nav fusion-mobile-tab-nav\"><ul class=\"nav-tabs nav-justified\"><li><a class=\"tab-link\" data-toggle=\"tab\" id=\"mobile-fusion-tab-internacionais\" href=\"#tab-d56285d4cf4e816e579\"><h4 class=\"fusion-tab-heading\">INTERNACIONAIS<\/h4><\/a><\/li><\/ul><\/div><div class=\"tab-pane fade fusion-clearfix\" id=\"tab-d56285d4cf4e816e579\">\n<p>ASHRAE \u2013 American Society of Heating Refrigeration and Air Conditioning Engineers<br \/>\nhttp:\/\/www.ashrae.org E-mail Address: ashrae@ashrae.org<\/p>\n<p>AMCA \u2013 Air Movement and Control Association International, Inc.<br \/>\nwww.amca.org E-mail Address: amca@amca.org<\/p>\n<p>AACCA \u2013 Air-Conditioning Contractors of America<br \/>\nwww.acca.org<\/p>\n<p>ASE \u2013 Alliance to Save Energy<br \/>\nwww.ase.org E-mail Address: info@ase.org<\/p>\n<p>ACGIH \u2013 American Conference of Governmental Industrial Hygienists<br \/>\nwww.acgih.org<\/p>\n<p>AGA \u2013 American Gas Association<br \/>\nwww.aga.org<\/p>\n<p>AIHA \u2013 American Industrial Hygiene Association (AIHA)<br \/>\nwww.aiha.org E-mail Address: infonet@aiha.org<\/p>\n<p>AIA \u2013 American Institute of Architects (AIA)<br \/>\nwww.aia.org<\/p>\n<p>ANSI \u2013 American National Standards Institute (ANSI)<br \/>\nwww.ansi.org<br \/>\nE-mail Address: info@ansi.org<\/p>\n<p>API \u2013 American Petroleum Institute<br \/>\nwww.api.org<\/p>\n<p>ASME \u2013 American Society of Mechanical Engineers<br \/>\nwww.asme.org E-mail Address: infocentral@asme.org<\/p>\n<p>ASES \u2013 American Solar Energy Society<br \/>\nwww.ases.org E-mail Address: ases@ases.org<\/p>\n<p>AEE \u2013 Association of Energy Engineers<br \/>\nwww.aeecenter.org E-mail Address: webmaster@AEEcenter.org<\/p>\n<p>CIBSE \u2013 Chartered Institution of Building Services Engineers (CIBSE)<br \/>\nwww.cibse.org E-mail Address: enquiries@cibse.org<\/p>\n<p>CTI \u2013 Cooling Tower Institute<br \/>\nwww.cti.org E-mail Address: vmanser@cti.org<\/p>\n<p>EPRI \u2013 Electric Power Research Institute<br \/>\nwww.epri.com E-mail Address: askepri@epri.com<\/p>\n<p>REHVA \u2013 Federation of European Heating and Air-Conditioning Associations (REHVA)<br \/>\nwww.rehva.com E-mail Address: rehva@srbii.be<\/p>\n<p>HRAI \u2013 Heating, Refrigeration, and Air Conditioning Institute of Canada (HRAI)<br \/>\nwww.hrai.ca E-mail Address: hraimail@hrai.ca<\/p>\n<p>IEEE \u2013 Institute of Electrical and Electronics Engineers (IEEE)<br \/>\nwww.ieee.org\/portal\/index.jsp E-mail Address: webmaster@ieee.org<\/p>\n<p>Institute of Refrigeration (IR)<br \/>\nwww.ior.org.uk\/ E-mail Address: ior@ior.org.uk<\/p>\n<p>Instrumentation, Systems and Automation Society (ISA)<br \/>\nwww.isa.org E-mail Address: info@isa.org<\/p>\n<p>International Code Council (ICC)<br \/>\nwww.intlcode.org E-mail Address: staff@intlcode.org<\/p>\n<p>International Facility Management Association<br \/>\nwww.ifma.org\/ E-mail Address: ifmahq@ifma.org<\/p>\n<p>International Institute of Ammonia Refrigeration (IIAR)<br \/>\nwww.iiar.org E-mail Address: iiar@iiar.org<\/p>\n<p>International Organization for Standardization (ISO)<br \/>\nwww.iso.org E-mail Address: central@iso.org<\/p>\n<p>National Fire Protection Association (NFPA)<br \/>\nwww.nfpa.org<\/p>\n<p>National Society of Professional Engineers (NSPE)<br \/>\nwww.nspe.org<\/p>\n<p>SCANVAC<br \/>\nwww.scanvac.net<\/p>\n<p>Sheet Metal and Air Conditioning Contractors\u2019 National Association (SMACNA)<br \/>\nwww.smacna.org E-mail Address: info@smacna.org<\/p>\n<p>ociety of Automotive Engineers (SAE)<br \/>\nwww.sae.org\/servlets\/index<\/p>\n<p>Association of Air-Conditioning and Refrigeration of Argentina (AAF)<br \/>\nwww.aafrio.org.ar\/ E-mail Address: aafrio@aafrio.org.ar<\/p>\n<p>Association of Engineers for Heating, Ventilation, A\/C, Heat Supply &amp; Building Thermal Physics of Russia (ABOK)<br \/>\nwww.abok.ru E-mail Address: abok@abok.ru<\/p>\n<p>Australian Institute of Refrigeration , Air-Conditioning and Heating (AIRAH)<br \/>\nwww.airah.org.au E-mail Address: publications@airah.org.au<\/p>\n<p>Colombian Association of Air-Conditioning &amp; Refrigeration (ACAIRE)<br \/>\nwww.acaire.org E-mail Address: acaire@acaire.org<\/p>\n<p>Danish Society of Heating, Ventilating &amp; Air-Conditioning Engineers (DANVAK)<br \/>\nwww.danvak.dk E-mail Address: info@danvak.dk<\/p>\n<p>Dutch Association of Refrigeration (NVVK)<br \/>\nwww.nvvk.nl<\/p>\n<p>German Society of Refrigeration &amp; Air-Conditioning Engineers (DKV)<br \/>\nwww.dkv.org E-mail Address: dkv@itw.uni-stuttgart.de<\/p>\n<p>Institute of Refrigeration , Heating &amp; Air-Conditioning Engrs of NZ (IRHACE)<br \/>\nwww.irhace.org.nz E-mail Address: admin@irhace.org.nz<\/p>\n<p>Iranian Syndicate of Heating, refrigeration and Air-Conditioning Industries (ISHRAI)<br \/>\nwww.ishrai.ir<\/p>\n<p>Italian Association of Air-Conditioning, Heating &amp; Refrigeration (AICARR)<br \/>\nwww.aicarr.it E-mail Address: aicarr@aircarr.it<\/p>\n<p>Netherlands Technical Association for Heating &amp; Air Treatment (TVVL)<br \/>\nwww.tvvl.nl E-mail Address: info@tvvl.nl<\/p>\n<p>Pakistan HVACR Society<br \/>\nwww.hvacr.org.pk E-mail Address: president@hvacr.org.pk<\/p>\n<p>Portuguese Association of Industrial Refrigeration and Air Conditioning Engineers<br \/>\nwww.efriarc.pt\/ E-mail Address: efriarc@efriarc.pt<\/p>\n<p>Slovenian Society of Refrigerating, Htg &amp; A\/C Engineers (SITHOK)<br \/>\nwww.drustvo-sithok.si E-mail Address: SITHOK@fs.uni-lj.si<\/p>\n<p>Society of Air-Conditioning &amp; Refrigeration Engineers of Korea (SAREK)<br \/>\nwww.warek.or.kr E-mail Address: hvac@sarek.or.kr<\/p>\n<p>Society of Heating, Air-Conditioning &amp; Sanitary Engineers of Japan (SHASE)<br \/>\nwww.shasej.org\/English\/about E-mail Address: gakujutu@shase.or.jp<\/p>\n<p>Spanish Technical Association of Air Conditioning and Refrigeration (ATECYR)<br \/>\nwww.atecyr.org E-mail Address: presidentenacional@atecyr.org<\/p>\n<p>Swedish Society of Heating &amp; Air Conditioning Engineers (SWEDEVAC)<br \/>\nwww.siki.se E-mail Address: gehlin@siki.se<\/p>\n<p>Swiss Association of Heating &amp; Ventilating Engineers (SWKI)<br \/>\nwww.swki.ch E-mail Address: info@swki.ch<\/p>\n<p>Turkish Society of HVAC &amp; Sanitary Engineers<br \/>\nhttp:\/\/ttmd.org.tr E-mail Address: ttmd@ttmd.org.tr<\/p>\n<\/div><\/div><\/div><div class=\"fusion-clearfix\"><\/div><\/div><\/div><\/div><\/div><style type=\"text\/css\">.fusion-fullwidth.fusion-builder-row-1 a:not(.fusion-button):not(.fusion-builder-module-control):not(.fusion-social-network-icon):not(.fb-icon-element):not(.fusion-countdown-link):not(.fusion-rollover-link):not(.fusion-rollover-gallery):not(.fusion-button-bar):not(.add_to_cart_button):not(.show_details_button):not(.product_type_external):not(.fusion-quick-view):not(.fusion-rollover-title-link):not(.fusion-breadcrumb-link) , .fusion-fullwidth.fusion-builder-row-1 a:not(.fusion-button):not(.fusion-builder-module-control):not(.fusion-social-network-icon):not(.fb-icon-element):not(.fusion-countdown-link):not(.fusion-rollover-link):not(.fusion-rollover-gallery):not(.fusion-button-bar):not(.add_to_cart_button):not(.show_details_button):not(.product_type_external):not(.fusion-quick-view):not(.fusion-rollover-title-link):not(.fusion-breadcrumb-link):before, .fusion-fullwidth.fusion-builder-row-1 a:not(.fusion-button):not(.fusion-builder-module-control):not(.fusion-social-network-icon):not(.fb-icon-element):not(.fusion-countdown-link):not(.fusion-rollover-link):not(.fusion-rollover-gallery):not(.fusion-button-bar):not(.add_to_cart_button):not(.show_details_button):not(.product_type_external):not(.fusion-quick-view):not(.fusion-rollover-title-link):not(.fusion-breadcrumb-link):after {color: #c20e1a;}.fusion-fullwidth.fusion-builder-row-1 a:not(.fusion-button):not(.fusion-builder-module-control):not(.fusion-social-network-icon):not(.fb-icon-element):not(.fusion-countdown-link):not(.fusion-rollover-link):not(.fusion-rollover-gallery):not(.fusion-button-bar):not(.add_to_cart_button):not(.show_details_button):not(.product_type_external):not(.fusion-quick-view):not(.fusion-rollover-title-link):not(.fusion-breadcrumb-link):hover, .fusion-fullwidth.fusion-builder-row-1 a:not(.fusion-button):not(.fusion-builder-module-control):not(.fusion-social-network-icon):not(.fb-icon-element):not(.fusion-countdown-link):not(.fusion-rollover-link):not(.fusion-rollover-gallery):not(.fusion-button-bar):not(.add_to_cart_button):not(.show_details_button):not(.product_type_external):not(.fusion-quick-view):not(.fusion-rollover-title-link):not(.fusion-breadcrumb-link):hover:before, .fusion-fullwidth.fusion-builder-row-1 a:not(.fusion-button):not(.fusion-builder-module-control):not(.fusion-social-network-icon):not(.fb-icon-element):not(.fusion-countdown-link):not(.fusion-rollover-link):not(.fusion-rollover-gallery):not(.fusion-button-bar):not(.add_to_cart_button):not(.show_details_button):not(.product_type_external):not(.fusion-quick-view):not(.fusion-rollover-title-link):not(.fusion-breadcrumb-link):hover:after {color: #c20e1a;}.fusion-fullwidth.fusion-builder-row-1 .pagination a.inactive:hover, .fusion-fullwidth.fusion-builder-row-1 .fusion-filters .fusion-filter.fusion-active a {border-color: #c20e1a;}.fusion-fullwidth.fusion-builder-row-1 .pagination .current {border-color: #c20e1a; background-color: #c20e1a;}.fusion-fullwidth.fusion-builder-row-1 .fusion-filters .fusion-filter.fusion-active a, .fusion-fullwidth.fusion-builder-row-1 .fusion-date-and-formats .fusion-format-box, .fusion-fullwidth.fusion-builder-row-1 .fusion-popover, .fusion-fullwidth.fusion-builder-row-1 .tooltip-shortcode {color: #c20e1a;}#main .fusion-fullwidth.fusion-builder-row-1 .post .blog-shortcode-post-title a:hover {color: #c20e1a;}<\/style>\n","protected":false},"excerpt":{"rendered":"","protected":false},"author":1,"featured_media":0,"parent":0,"menu_order":0,"comment_status":"closed","ping_status":"closed","template":"","meta":{"footnotes":""},"class_list":["post-114","page","type-page","status-publish","hentry"],"_links":{"self":[{"href":"https:\/\/asbrav.org.br\/_bkp_2023\/wp-json\/wp\/v2\/pages\/114","targetHints":{"allow":["GET"]}}],"collection":[{"href":"https:\/\/asbrav.org.br\/_bkp_2023\/wp-json\/wp\/v2\/pages"}],"about":[{"href":"https:\/\/asbrav.org.br\/_bkp_2023\/wp-json\/wp\/v2\/types\/page"}],"author":[{"embeddable":true,"href":"https:\/\/asbrav.org.br\/_bkp_2023\/wp-json\/wp\/v2\/users\/1"}],"replies":[{"embeddable":true,"href":"https:\/\/asbrav.org.br\/_bkp_2023\/wp-json\/wp\/v2\/comments?post=114"}],"version-history":[{"count":2,"href":"https:\/\/asbrav.org.br\/_bkp_2023\/wp-json\/wp\/v2\/pages\/114\/revisions"}],"predecessor-version":[{"id":116,"href":"https:\/\/asbrav.org.br\/_bkp_2023\/wp-json\/wp\/v2\/pages\/114\/revisions\/116"}],"wp:attachment":[{"href":"https:\/\/asbrav.org.br\/_bkp_2023\/wp-json\/wp\/v2\/media?parent=114"}],"curies":[{"name":"wp","href":"https:\/\/api.w.org\/{rel}","templated":true}]}}