{"id":107,"date":"2021-11-03T10:23:53","date_gmt":"2021-11-03T13:23:53","guid":{"rendered":"https:\/\/asbrav.org.br\/_bkp_2023\/?page_id=107"},"modified":"2021-11-03T10:24:33","modified_gmt":"2021-11-03T13:24:33","slug":"asbrav","status":"publish","type":"page","link":"https:\/\/asbrav.org.br\/_bkp_2023\/asbrav\/","title":{"rendered":"ASBRAV"},"content":{"rendered":"<p><div class=\"fusion-fullwidth fullwidth-box fusion-builder-row-1 nonhundred-percent-fullwidth non-hundred-percent-height-scrolling\"  style='background-color: rgba(255,255,255,0);background-position: center center;background-repeat: no-repeat;padding-top:0px;padding-right:0px;padding-bottom:0px;padding-left:0px;'><div class=\"fusion-builder-row fusion-row \"><div  class=\"fusion-layout-column fusion_builder_column fusion_builder_column_1_1 fusion-builder-column-0 fusion-one-full fusion-column-first fusion-column-last 1_1\"  style='margin-top:0px;margin-bottom:0px;'><div class=\"fusion-column-wrapper\" style=\"padding: 0px 0px 0px 0px;background-position:left top;background-repeat:no-repeat;-webkit-background-size:cover;-moz-background-size:cover;-o-background-size:cover;background-size:cover;\"   data-bg-url=\"\"><div class=\"fusion-text\"><p style=\"text-align: justify;\"><span style=\"color: #273b7d;\"><strong>ASBRAV<\/strong><\/span>\u00a0desempenha importante papel na defesa dos interesses de seus associados, empresas e profissionais dos setores de Refrigera\u00e7\u00e3o, Ar Condicionado, Aquecimento e Ventila\u00e7\u00e3o, na Regi\u00e3o Sul.<\/p>\n<p style=\"text-align: justify;\">Atrav\u00e9s de uma estrutura s\u00f3lida h\u00e1 mais de 25 anos no setor, a entidade obt\u00e9m a agilidade essencial para as r\u00e1pidas tomadas de decis\u00f5es que se traduzem na efici\u00eancia de suas a\u00e7\u00f5es, buscando sempre solu\u00e7\u00f5es e alternativas para o fortalecimento do mercado que representa.<\/p>\n<p style=\"text-align: justify;\">A qualifica\u00e7\u00e3o profissional \u00e9 um dos maiores objetivos da entidade.<\/p>\n<p style=\"text-align: justify;\">Oferece permanentemente cursos b\u00e1sicos e de atualiza\u00e7\u00e3o profissional na \u00e1rea, e ainda palestras de gest\u00e3o empresarial para o desenvolvimento gerencial de seus associados.<\/p>\n<p style=\"text-align: justify;\">Tamb\u00e9m estabelece parcerias e coopera\u00e7\u00e3o t\u00e9cnica com entidades de ensino no Rio Grande do Sul, Santa Catarina e Paran\u00e1. A realiza\u00e7\u00e3o de palestras t\u00e9cnicas e semin\u00e1rios busca a constante atualiza\u00e7\u00e3o de seus associados.<\/p>\n<p style=\"text-align: justify;\">Dentre suas maiores realiza\u00e7\u00f5es est\u00e1 o Mercofrio \u2013\u00a0 Congresso de Ar Condicionado, Refrigera\u00e7\u00e3o, Aquecimento e Ventila\u00e7\u00e3o do Mercosul, evento bianual realizado nos anos pares desde 1998, de forma itinerante nas capitais da regi\u00e3o sul, consolidado como importante ferramenta de neg\u00f3cios e atualiza\u00e7\u00e3o profissional, que alia promo\u00e7\u00e3o comercial, mostra de tecnologia e transfer\u00eancia de conhecimento.<\/p>\n<h2 style=\"text-align: justify;\" data-fontsize=\"18\" data-lineheight=\"27\">Escrit\u00f3rios Regionais<\/h2>\n<p style=\"text-align: justify;\">Objetivos:<br \/>\n\u2013 Promover a multiplica\u00e7\u00e3o de conhecimento do interesse do mercado HVAC\/R, com foco nas caracter\u00edsticas locais;<br \/>\n\u2013 Motivar a gera\u00e7\u00e3o de neg\u00f3cios, oportunizando diversas formas de contato entre empres\u00e1rios e profissionais do setor HVAC\/R;<br \/>\n\u2013 Estimular a comunica\u00e7\u00e3o e integra\u00e7\u00e3o produtiva e eficaz que colabore com a constante evolu\u00e7\u00e3o do segmento.<\/p>\n<h2 style=\"text-align: justify;\" data-fontsize=\"18\" data-lineheight=\"27\">Escrit\u00f3rio regional Paran\u00e1<\/h2>\n<p style=\"text-align: justify;\">Parceria com a Escola t\u00e9cnica Profissional com o objetivo\u00a0 fundamental \u00e9 fomentar, atrav\u00e9s de palestras t\u00e9cnicas, o conhecimento em a\u00e7\u00e3o, de maneira a fazer com que os profissionais de HVAC\/R do Paran\u00e1 possam buscar as melhores pr\u00e1ticas de manuten\u00e7\u00e3o e instala\u00e7\u00e3o. Possui audit\u00f3rio com de mais de 90 lugares, dispon\u00edvel para agendamento de palestras t\u00e9cnicas, e reuni\u00f5es.<\/p>\n<h2 style=\"text-align: justify;\" data-fontsize=\"18\" data-lineheight=\"27\">Escrit\u00f3rio regional Santa Catarina<\/h2>\n<p style=\"text-align: justify;\">A ASBRAV e o SENAI SC \u2013 Unidades S\u00e3o Jos\u00e9, constru\u00edram uma parceria na qual empresas do setor HVAC\/R podem entrar em contato com a ASBRAV e agendar palestras t\u00e9cnicas no audit\u00f3rio.<\/p>\n<p style=\"text-align: justify;\"><span style=\"color: #273b7d;\"><strong>Miss\u00e3o<\/strong><\/span><br \/>\nCongregar, representar e apoiar os associados proporcionando o desenvolvimento t\u00e9cnico e de gest\u00e3o, atuando de forma pr\u00f3-ativa, \u00e9tica e moral.<\/p>\n<p style=\"text-align: justify;\"><span style=\"color: #273b7d;\"><strong>Vis\u00e3o<\/strong><\/span><br \/>\nSer reconhecida pela sociedade como entidade refer\u00eancia dos setores que representa.<\/p>\n<p style=\"text-align: justify;\"><span style=\"color: #273b7d;\"><strong>Estatuto Social da ASBRAV<\/strong><\/span>\u00a0\u2013 Associa\u00e7\u00e3o Sul Brasileira de Refrigera\u00e7\u00e3o, Ar Condicionado, Aquecimento e Ventila\u00e7\u00e3o.<\/p>\n<\/div><div class=\"fusion-clearfix\"><\/div><\/div><\/div><\/div><\/div><div class=\"fusion-fullwidth fullwidth-box fusion-builder-row-2 nonhundred-percent-fullwidth non-hundred-percent-height-scrolling\"  style='background-color: rgba(255,255,255,0);background-position: center center;background-repeat: no-repeat;padding-top:0px;padding-right:0px;padding-bottom:0px;padding-left:0px;'><div class=\"fusion-builder-row fusion-row \"><div  class=\"fusion-layout-column fusion_builder_column fusion_builder_column_1_4 fusion-builder-column-1 fusion-one-fourth fusion-column-first 1_4\"  style='margin-top:0px;margin-bottom:20px;width:25%;width:calc(25% - ( ( 4% + 4% + 4% ) * 0.25 ) );margin-right: 4%;'><div class=\"fusion-column-wrapper\" style=\"padding: 0px 0px 0px 0px;background-position:left top;background-repeat:no-repeat;-webkit-background-size:cover;-moz-background-size:cover;-o-background-size:cover;background-size:cover;\"   data-bg-url=\"\"><div class=\"fusion-button-wrapper fusion-align-block\"><style type=\"text\/css\">.fusion-button.button-1 {border-radius:4px;}<\/style><a class=\"fusion-button button-flat fusion-button-default-size button-default button-1 fusion-button-default-span fusion-button-default-type\" target=\"_blank\" rel=\"noopener noreferrer\" href=\"https:\/\/asbrav.org.br\/wp-content\/uploads\/2021\/11\/Estatuto-ASBRAV-2021-03-30-Registrado.pdf\"><span class=\"fusion-button-text\">DOWNLOAD DO ESTATUTO<\/span><\/a><\/div><div class=\"fusion-clearfix\"><\/div><\/div><\/div><div  class=\"fusion-layout-column fusion_builder_column fusion_builder_column_1_4 fusion-builder-column-2 fusion-one-fourth 1_4\"  style='margin-top:0px;margin-bottom:20px;width:25%;width:calc(25% - ( ( 4% + 4% + 4% ) * 0.25 ) );margin-right: 4%;'><div class=\"fusion-column-wrapper\" style=\"padding: 0px 0px 0px 0px;background-position:left top;background-repeat:no-repeat;-webkit-background-size:cover;-moz-background-size:cover;-o-background-size:cover;background-size:cover;\"   data-bg-url=\"\"><div class=\"fusion-clearfix\"><\/div><\/div><\/div><div  class=\"fusion-layout-column fusion_builder_column fusion_builder_column_1_4 fusion-builder-column-3 fusion-one-fourth 1_4\"  style='margin-top:0px;margin-bottom:20px;width:25%;width:calc(25% - ( ( 4% + 4% + 4% ) * 0.25 ) );margin-right: 4%;'><div class=\"fusion-column-wrapper\" style=\"padding: 0px 0px 0px 0px;background-position:left top;background-repeat:no-repeat;-webkit-background-size:cover;-moz-background-size:cover;-o-background-size:cover;background-size:cover;\"   data-bg-url=\"\"><div class=\"fusion-clearfix\"><\/div><\/div><\/div><div  class=\"fusion-layout-column fusion_builder_column fusion_builder_column_1_4 fusion-builder-column-4 fusion-one-fourth fusion-column-last 1_4\"  style='margin-top:0px;margin-bottom:20px;width:25%;width:calc(25% - ( ( 4% + 4% + 4% ) * 0.25 ) );'><div class=\"fusion-column-wrapper\" style=\"padding: 0px 0px 0px 0px;background-position:left top;background-repeat:no-repeat;-webkit-background-size:cover;-moz-background-size:cover;-o-background-size:cover;background-size:cover;\"   data-bg-url=\"\"><div class=\"fusion-clearfix\"><\/div><\/div><\/div><\/div><\/div><style type=\"text\/css\">.fusion-fullwidth.fusion-builder-row-2 a:not(.fusion-button):not(.fusion-builder-module-control):not(.fusion-social-network-icon):not(.fb-icon-element):not(.fusion-countdown-link):not(.fusion-rollover-link):not(.fusion-rollover-gallery):not(.fusion-button-bar):not(.add_to_cart_button):not(.show_details_button):not(.product_type_external):not(.fusion-quick-view):not(.fusion-rollover-title-link):not(.fusion-breadcrumb-link) , .fusion-fullwidth.fusion-builder-row-2 a:not(.fusion-button):not(.fusion-builder-module-control):not(.fusion-social-network-icon):not(.fb-icon-element):not(.fusion-countdown-link):not(.fusion-rollover-link):not(.fusion-rollover-gallery):not(.fusion-button-bar):not(.add_to_cart_button):not(.show_details_button):not(.product_type_external):not(.fusion-quick-view):not(.fusion-rollover-title-link):not(.fusion-breadcrumb-link):before, .fusion-fullwidth.fusion-builder-row-2 a:not(.fusion-button):not(.fusion-builder-module-control):not(.fusion-social-network-icon):not(.fb-icon-element):not(.fusion-countdown-link):not(.fusion-rollover-link):not(.fusion-rollover-gallery):not(.fusion-button-bar):not(.add_to_cart_button):not(.show_details_button):not(.product_type_external):not(.fusion-quick-view):not(.fusion-rollover-title-link):not(.fusion-breadcrumb-link):after {color: #c20e1a;}.fusion-fullwidth.fusion-builder-row-2 a:not(.fusion-button):not(.fusion-builder-module-control):not(.fusion-social-network-icon):not(.fb-icon-element):not(.fusion-countdown-link):not(.fusion-rollover-link):not(.fusion-rollover-gallery):not(.fusion-button-bar):not(.add_to_cart_button):not(.show_details_button):not(.product_type_external):not(.fusion-quick-view):not(.fusion-rollover-title-link):not(.fusion-breadcrumb-link):hover, .fusion-fullwidth.fusion-builder-row-2 a:not(.fusion-button):not(.fusion-builder-module-control):not(.fusion-social-network-icon):not(.fb-icon-element):not(.fusion-countdown-link):not(.fusion-rollover-link):not(.fusion-rollover-gallery):not(.fusion-button-bar):not(.add_to_cart_button):not(.show_details_button):not(.product_type_external):not(.fusion-quick-view):not(.fusion-rollover-title-link):not(.fusion-breadcrumb-link):hover:before, .fusion-fullwidth.fusion-builder-row-2 a:not(.fusion-button):not(.fusion-builder-module-control):not(.fusion-social-network-icon):not(.fb-icon-element):not(.fusion-countdown-link):not(.fusion-rollover-link):not(.fusion-rollover-gallery):not(.fusion-button-bar):not(.add_to_cart_button):not(.show_details_button):not(.product_type_external):not(.fusion-quick-view):not(.fusion-rollover-title-link):not(.fusion-breadcrumb-link):hover:after {color: #c20e1a;}.fusion-fullwidth.fusion-builder-row-2 .pagination a.inactive:hover, .fusion-fullwidth.fusion-builder-row-2 .fusion-filters .fusion-filter.fusion-active a {border-color: #c20e1a;}.fusion-fullwidth.fusion-builder-row-2 .pagination .current {border-color: #c20e1a; background-color: #c20e1a;}.fusion-fullwidth.fusion-builder-row-2 .fusion-filters .fusion-filter.fusion-active a, .fusion-fullwidth.fusion-builder-row-2 .fusion-date-and-formats .fusion-format-box, .fusion-fullwidth.fusion-builder-row-2 .fusion-popover, .fusion-fullwidth.fusion-builder-row-2 .tooltip-shortcode {color: #c20e1a;}#main .fusion-fullwidth.fusion-builder-row-2 .post .blog-shortcode-post-title a:hover {color: #c20e1a;}<\/style><\/p>\n","protected":false},"excerpt":{"rendered":"","protected":false},"author":1,"featured_media":0,"parent":0,"menu_order":0,"comment_status":"closed","ping_status":"closed","template":"","meta":{"footnotes":""},"class_list":["post-107","page","type-page","status-publish","hentry"],"_links":{"self":[{"href":"https:\/\/asbrav.org.br\/_bkp_2023\/wp-json\/wp\/v2\/pages\/107","targetHints":{"allow":["GET"]}}],"collection":[{"href":"https:\/\/asbrav.org.br\/_bkp_2023\/wp-json\/wp\/v2\/pages"}],"about":[{"href":"https:\/\/asbrav.org.br\/_bkp_2023\/wp-json\/wp\/v2\/types\/page"}],"author":[{"embeddable":true,"href":"https:\/\/asbrav.org.br\/_bkp_2023\/wp-json\/wp\/v2\/users\/1"}],"replies":[{"embeddable":true,"href":"https:\/\/asbrav.org.br\/_bkp_2023\/wp-json\/wp\/v2\/comments?post=107"}],"version-history":[{"count":3,"href":"https:\/\/asbrav.org.br\/_bkp_2023\/wp-json\/wp\/v2\/pages\/107\/revisions"}],"predecessor-version":[{"id":110,"href":"https:\/\/asbrav.org.br\/_bkp_2023\/wp-json\/wp\/v2\/pages\/107\/revisions\/110"}],"wp:attachment":[{"href":"https:\/\/asbrav.org.br\/_bkp_2023\/wp-json\/wp\/v2\/media?parent=107"}],"curies":[{"name":"wp","href":"https:\/\/api.w.org\/{rel}","templated":true}]}}